{"id":27,"date":"2021-02-21T18:41:45","date_gmt":"2021-02-21T18:41:45","guid":{"rendered":"http:\/\/calvarybaptistelkhart.org\/?page_id=27"},"modified":"2021-09-25T23:59:48","modified_gmt":"2021-09-25T23:59:48","slug":"espanol","status":"publish","type":"page","link":"http:\/\/calvarybaptistelkhart.org\/?page_id=27","title":{"rendered":"Iglesia Bautista La Gran Comisi\u00f3n\u00a0"},"content":{"rendered":"\n<h2 class=\"wp-block-heading\">Bienvenidos a la Iglesia Bautista La GranComisi\u00f3n&nbsp;<\/h2>\n\n\n\n<p>Somos una iglesia Bautista independent sirviendo a nuestra comunidad de habla hispana, alcanz\u00e1ndolos para Cristo. &nbsp;Estamos localizados en el sureste de Elkhart. &nbsp;El pastor Alfredo Alejo nos dirige en una ferviente alabanza a trav\u00e9s de la oraci\u00f3n, m\u00fasica, y la palabra sana de Dios cada semana. &nbsp;Nosotros nos congregamos en la parte de abajo. &nbsp;El estacionamiento se encuentra en la parte frontal de&nbsp;la Iglesia. Estamos asociados con la iglesia Bautista Calavary Hill de Elkhart. &nbsp;<\/p>\n\n\n\n<p>Nuestras &nbsp;horas de servicios son:<\/p>\n\n\n\n<p>Domingos:&nbsp;<\/p>\n\n\n\n<p>Escuela Dominical 9:30-10:30<\/p>\n\n\n\n<p>Servicio de alabanza 10:45-11:45<\/p>\n\n\n\n<p>Nos encantar\u00eda tenerlos de visita!<\/p>\n\n\n\n<figure class=\"wp-block-image size-large\"><img decoding=\"async\" loading=\"lazy\" width=\"1024\" height=\"1024\" src=\"http:\/\/calvarybaptistelkhart.org\/wp-content\/uploads\/2021\/09\/CHBC_Espanol-1024x1024.jpg\" alt=\"\" class=\"wp-image-220\" srcset=\"http:\/\/calvarybaptistelkhart.org\/wp-content\/uploads\/2021\/09\/CHBC_Espanol-1024x1024.jpg 1024w, http:\/\/calvarybaptistelkhart.org\/wp-content\/uploads\/2021\/09\/CHBC_Espanol-300x300.jpg 300w, http:\/\/calvarybaptistelkhart.org\/wp-content\/uploads\/2021\/09\/CHBC_Espanol-150x150.jpg 150w, http:\/\/calvarybaptistelkhart.org\/wp-content\/uploads\/2021\/09\/CHBC_Espanol-768x768.jpg 768w, http:\/\/calvarybaptistelkhart.org\/wp-content\/uploads\/2021\/09\/CHBC_Espanol-1536x1536.jpg 1536w, http:\/\/calvarybaptistelkhart.org\/wp-content\/uploads\/2021\/09\/CHBC_Espanol-2048x2048.jpg 2048w\" sizes=\"(max-width: 1024px) 100vw, 1024px\" \/><figcaption><strong>  Pastor Alfredo Alejo <\/strong><\/figcaption><\/figure>\n\n\n\n<p><\/p>\n\n\n\n<p>Para los que no hablan espa\u00f1ol hay servicio en ingl\u00e9s en la parte superior del edificio a la misma hora conducido por el pastor Timoteo Wesco de la Iglesia Bautista Calvary Hill.&nbsp;<\/p>\n","protected":false},"excerpt":{"rendered":"<p>Bienvenidos a la Iglesia Bautista La GranComisi\u00f3n&nbsp; Somos una iglesia Bautista independent sirviendo a nuestra comunidad de habla hispana, alcanz\u00e1ndolos para Cristo. &nbsp;Estamos localizados en el sureste de Elkhart. &nbsp;El pastor Alfredo Alejo nos dirige en una ferviente alabanza a trav\u00e9s de la oraci\u00f3n, m\u00fasica, y la palabra sana de Dios cada semana. &nbsp;Nosotros nos&#8230; <\/p>\n<div class=\"link-more\"><a href=\"http:\/\/calvarybaptistelkhart.org\/?page_id=27\">Read More<\/a><\/div>\n","protected":false},"author":1,"featured_media":0,"parent":0,"menu_order":0,"comment_status":"closed","ping_status":"closed","template":"","meta":[],"_links":{"self":[{"href":"http:\/\/calvarybaptistelkhart.org\/index.php?rest_route=\/wp\/v2\/pages\/27"}],"collection":[{"href":"http:\/\/calvarybaptistelkhart.org\/index.php?rest_route=\/wp\/v2\/pages"}],"about":[{"href":"http:\/\/calvarybaptistelkhart.org\/index.php?rest_route=\/wp\/v2\/types\/page"}],"author":[{"embeddable":true,"href":"http:\/\/calvarybaptistelkhart.org\/index.php?rest_route=\/wp\/v2\/users\/1"}],"replies":[{"embeddable":true,"href":"http:\/\/calvarybaptistelkhart.org\/index.php?rest_route=%2Fwp%2Fv2%2Fcomments&post=27"}],"version-history":[{"count":10,"href":"http:\/\/calvarybaptistelkhart.org\/index.php?rest_route=\/wp\/v2\/pages\/27\/revisions"}],"predecessor-version":[{"id":263,"href":"http:\/\/calvarybaptistelkhart.org\/index.php?rest_route=\/wp\/v2\/pages\/27\/revisions\/263"}],"wp:attachment":[{"href":"http:\/\/calvarybaptistelkhart.org\/index.php?rest_route=%2Fwp%2Fv2%2Fmedia&parent=27"}],"curies":[{"name":"wp","href":"https:\/\/api.w.org\/{rel}","templated":true}]}}